{"id":186,"date":"2025-01-21T17:51:12","date_gmt":"2025-01-21T15:51:12","guid":{"rendered":"https:\/\/www.otavankivipaja.fi\/?page_id=186"},"modified":"2025-01-28T21:34:26","modified_gmt":"2025-01-28T19:34:26","slug":"info","status":"publish","type":"page","link":"https:\/\/www.otavankivipaja.fi\/index.php\/info\/","title":{"rendered":"..\/ info"},"content":{"rendered":"\n<p>Tervetuloa Otavan Kivipaja Ry:n sivustolle. T\u00e4\u00e4lt\u00e4 l\u00f6yd\u00e4t tietoa kivipajan toiminnasta, pajalla j\u00e4rjestett\u00e4vist\u00e4 kursseista sek\u00e4 pajalla myyt\u00e4viss\u00e4 olevista tuotteista.<br>Otavan kivipaja on toiminut sellaisenaan 30 vuotta ja sen toiminta on ollut harrastuspohjaista, kiinnostuksesta kivien monipuoliseen maailmaan.<br>Sittemmin mukaan on tullut jalometallien k\u00e4sittely\u00e4, sek\u00e4 n\u00e4iden yhdist\u00e4mist\u00e4, eli kivenhionnasta valmiiksi koruksi jalometallien kanssa. Teemme my\u00f6s k\u00e4ytt\u00f6esineit\u00e4 jokap\u00e4iv\u00e4iseen k\u00e4ytt\u00f6\u00f6n. Lis\u00e4\u00e4 tietoa myyt\u00e4vist\u00e4 tuotteista sek\u00e4 koruista <a href=\"https:\/\/www.otavankivipaja.fi\/index.php\/galleria\/\" data-type=\"page\" data-id=\"189\">galleriassamme<\/a>.<br><br>Pyrimme valmistamaan tuotteita my\u00f6s asiakkaan tilauksesta, tiedustele mahdollista toivettasi yksil\u00f6lliseen koruun tai tuotteeseen <a href=\"https:\/\/www.otavankivipaja.fi\/index.php\/yhteystiedot\/\" data-type=\"page\" data-id=\"192\">t\u00e4st\u00e4<\/a>. <br>Rikkin\u00e4isetkin, tunnearvoltaan tai muuten t\u00e4rke\u00e4t korut on mahdollista monessakin tapauksessa korjata, n\u00e4ist\u00e4kin kannattaa tiedustella. Hinta sovitaan kumpaakin osapuolta miellytt\u00e4v\u00e4ksi. Aina kannattaa kysy\u00e4.<\/p>\n\n\n\n<p>Kursseja pyrit\u00e4\u00e4n j\u00e4rjest\u00e4m\u00e4\u00e4n tasaisin v\u00e4liajoin, niin kivenhionnasta, kuin hopea ja pronssikurssejakin. Lis\u00e4\u00e4 tietoa tulevista kursseista ja ja pajalla j\u00e4rjestett\u00e4vist\u00e4 tapahtumista <a href=\"https:\/\/www.otavankivipaja.fi\/index.php\/ajankohtaista\/\" data-type=\"page\" data-id=\"201\">t\u00e4st\u00e4.<\/a> Kurssien hinnat vaihtelevat kurssin keston mukaan, alk. 25\u20ac &#8211; 55\u20ac riippuen siit\u00e4, onko kyseess\u00e4 kivenhionnan peruskurssi, vai jalometallity\u00f6kurssi (perus). Maksuna k\u00e4teinen, MobilePay tai tilisiirto.<br><br>Mikkelin kansalaisopisto j\u00e4rjest\u00e4\u00e4 my\u00f6s kaksi (2) kertaa vuodessa korukivi ja hopeakursseja kivipajalla. Lis\u00e4tiedot ja ilmoittautumiset n\u00e4ille kursseille tapahtuu heid\u00e4n <a href=\"https:\/\/uusi.opistopalvelut.fi\/mikkeli\/fi\/\" target=\"_blank\" rel=\"noreferrer noopener\">sivuiltaan<\/a>. Kurssit l\u00f6ytyv\u00e4t esimerkiksi hakusanalla Otava, korukivien hionta, tai hopeakurssi.<br><br>Kivipajan omia kursseja j\u00e4rjestet\u00e4\u00e4n tilauksesta my\u00f6s pienryhmille (4-8 henkil\u00f6\u00e4), tiedustelut mahdollisesta juuri sinulle, ja ryhm\u00e4llesi r\u00e4\u00e4t\u00e4l\u00f6idyst\u00e4 kurssista voi esitt\u00e4\u00e4 <a href=\"https:\/\/www.otavankivipaja.fi\/index.php\/yhteystiedot\/\" data-type=\"page\" data-id=\"186\">t\u00e4\u00e4ll\u00e4<\/a>.<\/p>\n\n\n\n<p>Toimimme yhteisty\u00f6ss\u00e4 my\u00f6s Varkauden <a href=\"https:\/\/sakky.fi\/fi\/kuntayhtyma\/kampukset\/varkaus\" target=\"_blank\" rel=\"noreferrer noopener\">Savon ammattiopiston<\/a> kanssa ja n\u00e4in ollen voimme tarjota mahdollisuuden valmistua jalometallialan artesaaniksi ty\u00f6ss\u00e4oppimalla. T\u00e4m\u00e4 mahdollistaa monimuotoisen ja mukavan opiskelun viihtyis\u00e4ss\u00e4 seurassa.<\/p>\n","protected":false},"excerpt":{"rendered":"<p>Tervetuloa Otavan Kivipaja Ry:n sivustolle. T\u00e4\u00e4lt\u00e4 l\u00f6yd\u00e4t tietoa kivipajan toiminnasta, pajalla j\u00e4rjestett\u00e4vist\u00e4 kursseista sek\u00e4 pajalla myyt\u00e4viss\u00e4 olevista tuotteista.Otavan kivipaja on toiminut sellaisenaan 30 vuotta ja sen toiminta on ollut harrastuspohjaista, kiinnostuksesta kivien monipuoliseen maailmaan.Sittemmin mukaan on tullut jalometallien k\u00e4sittely\u00e4, sek\u00e4 n\u00e4iden yhdist\u00e4mist\u00e4, eli kivenhionnasta valmiiksi koruksi jalometallien kanssa. Teemme my\u00f6s k\u00e4ytt\u00f6esineit\u00e4 jokap\u00e4iv\u00e4iseen k\u00e4ytt\u00f6\u00f6n. Lis\u00e4\u00e4 tietoa [&hellip;]<\/p>\n","protected":false},"author":1,"featured_media":0,"parent":0,"menu_order":0,"comment_status":"closed","ping_status":"closed","template":"","meta":{"footnotes":""},"class_list":["post-186","page","type-page","status-publish","hentry"],"_links":{"self":[{"href":"https:\/\/www.otavankivipaja.fi\/index.php\/wp-json\/wp\/v2\/pages\/186","targetHints":{"allow":["GET"]}}],"collection":[{"href":"https:\/\/www.otavankivipaja.fi\/index.php\/wp-json\/wp\/v2\/pages"}],"about":[{"href":"https:\/\/www.otavankivipaja.fi\/index.php\/wp-json\/wp\/v2\/types\/page"}],"author":[{"embeddable":true,"href":"https:\/\/www.otavankivipaja.fi\/index.php\/wp-json\/wp\/v2\/users\/1"}],"replies":[{"embeddable":true,"href":"https:\/\/www.otavankivipaja.fi\/index.php\/wp-json\/wp\/v2\/comments?post=186"}],"version-history":[{"count":36,"href":"https:\/\/www.otavankivipaja.fi\/index.php\/wp-json\/wp\/v2\/pages\/186\/revisions"}],"predecessor-version":[{"id":372,"href":"https:\/\/www.otavankivipaja.fi\/index.php\/wp-json\/wp\/v2\/pages\/186\/revisions\/372"}],"wp:attachment":[{"href":"https:\/\/www.otavankivipaja.fi\/index.php\/wp-json\/wp\/v2\/media?parent=186"}],"curies":[{"name":"wp","href":"https:\/\/api.w.org\/{rel}","templated":true}]}}